{"id":378,"date":"2026-02-01T09:57:47","date_gmt":"2026-02-01T09:57:47","guid":{"rendered":"https:\/\/cotutattoo.com\/?page_id=378"},"modified":"2026-02-04T10:29:51","modified_gmt":"2026-02-04T10:29:51","slug":"about-us","status":"publish","type":"page","link":"https:\/\/cotutattoo.com\/vi\/about-us\/","title":{"rendered":"Gi\u1edbi thi\u1ec7u"},"content":{"rendered":"<div data-elementor-type=\"wp-page\" data-elementor-id=\"378\" class=\"elementor elementor-378\" data-elementor-post-type=\"page\">\n\t\t\t\t\t\t<section class=\"elementor-section elementor-top-section elementor-element elementor-element-6612e7c8 elementor-section-boxed elementor-section-height-default elementor-section-height-default\" data-id=\"6612e7c8\" data-element_type=\"section\" data-e-type=\"section\" data-settings=\"{&quot;background_background&quot;:&quot;classic&quot;}\">\n\t\t\t\t\t\t\t<div class=\"elementor-background-overlay\"><\/div>\n\t\t\t\t\t\t\t<div class=\"elementor-container elementor-column-gap-no\">\n\t\t\t\t\t<div class=\"elementor-column elementor-col-100 elementor-top-column elementor-element elementor-element-5118b647\" data-id=\"5118b647\" data-element_type=\"column\" data-e-type=\"column\">\n\t\t\t<div class=\"elementor-widget-wrap elementor-element-populated\">\n\t\t\t\t\t\t<div class=\"elementor-element elementor-element-17197344 elementor-widget elementor-widget-icon-box\" data-id=\"17197344\" data-element_type=\"widget\" data-e-type=\"widget\" data-widget_type=\"icon-box.default\">\n\t\t\t\t\t\t\t<div class=\"elementor-icon-box-wrapper\">\n\n\t\t\t\n\t\t\t\t\t\t<div class=\"elementor-icon-box-content\">\n\n\t\t\t\t\t\t\t\t\t<h1 class=\"elementor-icon-box-title\">\n\t\t\t\t\t\t<span  >\n\t\t\t\t\t\t\tGi\u1edbi thi\u1ec7u\t\t\t\t\t\t<\/span>\n\t\t\t\t\t<\/h1>\n\t\t\t\t\n\t\t\t\t\t\t\t\t\t<p class=\"elementor-icon-box-description\">\n\t\t\t\t\t\tH\u00ecnh x\u0103m theo y\u00eau c\u1ea7u t\u1ea1i TP.HCM, v\u1edbi hai c\u01a1 s\u1edf \u1edf Qu\u1eadn 1 v\u00e0 Th\u1ea3o \u0110i\u1ec1n. Kh\u00f4ng gian s\u1ea1ch s\u1ebd, an to\u00e0n, th\u1ef1c hi\u1ec7n t\u1ec9 m\u1ec9, h\u1ed7 tr\u1ee3 ti\u1ebfng Anh v\u00e0 ti\u1ebfng Vi\u1ec7t.\t\t\t\t\t<\/p>\n\t\t\t\t\n\t\t\t<\/div>\n\t\t\t\n\t\t<\/div>\n\t\t\t\t\t\t<\/div>\n\t\t\t\t\t<\/div>\n\t\t<\/div>\n\t\t\t\t\t<\/div>\n\t\t<\/section>\n\t\t\t\t<section class=\"elementor-section elementor-top-section elementor-element elementor-element-475dd4db elementor-section-boxed elementor-section-height-default elementor-section-height-default\" data-id=\"475dd4db\" data-element_type=\"section\" data-e-type=\"section\">\n\t\t\t\t\t\t<div class=\"elementor-container elementor-column-gap-no\">\n\t\t\t\t\t<div class=\"elementor-column elementor-col-100 elementor-top-column elementor-element elementor-element-2abf8d42\" data-id=\"2abf8d42\" data-element_type=\"column\" data-e-type=\"column\">\n\t\t\t<div class=\"elementor-widget-wrap elementor-element-populated\">\n\t\t\t\t\t\t<div class=\"elementor-element elementor-element-1c7fda94 elementor-widget__width-initial elementor-widget-tablet__width-inherit elementor-headline--style-highlight elementor-widget elementor-widget-animated-headline\" data-id=\"1c7fda94\" data-element_type=\"widget\" data-e-type=\"widget\" data-settings=\"{&quot;marker&quot;:&quot;underline&quot;,&quot;highlighted_text&quot;:&quot;tattoo artistry&quot;,&quot;highlight_animation_duration&quot;:0,&quot;headline_style&quot;:&quot;highlight&quot;}\" data-widget_type=\"animated-headline.default\">\n\t\t\t\t\t\t\t<h2 class=\"elementor-headline translation-block\">Tr\u1ea3i nghi\u1ec7m ngh\u1ec7 thu\u1eadt x\u0103m trong t\u1eebng t\u00e1c ph\u1ea9m theo y\u00eau c\u1ea7u ch\u00fang t\u00f4i t\u1ea1o ra.<\/h2>\n\t\t\t\t\t\t<\/div>\n\t\t\t\t<div class=\"elementor-element elementor-element-989a39c elementor-widget__width-initial elementor-widget-tablet__width-inherit elementor-widget elementor-widget-text-editor\" data-id=\"989a39c\" data-element_type=\"widget\" data-e-type=\"widget\" data-widget_type=\"text-editor.default\">\n\t\t\t\t\t\t\t\t\t<p data-start=\"99\" data-end=\"404\">T\u1ea1i Co Tu Tattoo, ch\u00fang t\u00f4i bi\u1ebfn \u00fd t\u01b0\u1edfng c\u1ee7a b\u1ea1n th\u00e0nh h\u00ecnh x\u0103m \u0111\u1eb9p, s\u1eafc n\u00e9t v\u00e0 b\u1ec1n theo th\u1eddi gian, v\u1edbi qu\u00e1 tr\u00ecnh t\u01b0 v\u1ea5n v\u00e0 thi\u1ebft k\u1ebf k\u1ef9 l\u01b0\u1ee1ng. V\u1edbi hai c\u01a1 s\u1edf t\u1ea1i TP.HCM, ch\u00fang t\u00f4i \u0111\u00f3n kh\u00e1ch \u0111\u1ecba ph\u01b0\u01a1ng v\u00e0 kh\u00e1ch du l\u1ecbch cho c\u00e1c phong c\u00e1ch Fine Line, Black &amp; Grey, Minimalist, Dotwork v\u00e0 Japanese. An to\u00e0n, v\u1ec7 sinh v\u00e0 s\u1ef1 tho\u1ea3i m\u00e1i lu\u00f4n l\u00e0 ph\u1ea7n quan tr\u1ecdng trong m\u1ed7i bu\u1ed5i x\u0103m.<\/p>\t\t\t\t\t\t\t\t<\/div>\n\t\t\t\t\t<\/div>\n\t\t<\/div>\n\t\t\t\t\t<\/div>\n\t\t<\/section>\n\t\t\t\t<section class=\"elementor-section elementor-top-section elementor-element elementor-element-28401f1f elementor-section-content-middle elementor-section-boxed elementor-section-height-default elementor-section-height-default\" data-id=\"28401f1f\" data-element_type=\"section\" data-e-type=\"section\">\n\t\t\t\t\t\t<div class=\"elementor-container elementor-column-gap-no\">\n\t\t\t\t\t<div class=\"elementor-column elementor-col-50 elementor-top-column elementor-element elementor-element-4765d5a3\" data-id=\"4765d5a3\" data-element_type=\"column\" data-e-type=\"column\">\n\t\t\t<div class=\"elementor-widget-wrap elementor-element-populated\">\n\t\t\t\t\t\t<div class=\"elementor-element elementor-element-52a234c0 elementor-invisible elementor-widget elementor-widget-image\" data-id=\"52a234c0\" data-element_type=\"widget\" data-e-type=\"widget\" data-settings=\"{&quot;_animation&quot;:&quot;zoomIn&quot;}\" data-widget_type=\"image.default\">\n\t\t\t\t\t\t\t\t\t\t\t\t\t\t\t<img fetchpriority=\"high\" decoding=\"async\" width=\"434\" height=\"510\" src=\"https:\/\/cotutattoo.com\/wp-content\/uploads\/2026\/02\/2026-01-31.webp\" class=\"attachment-large size-large wp-image-288\" alt=\"\" srcset=\"https:\/\/cotutattoo.com\/wp-content\/uploads\/2026\/02\/2026-01-31.webp 434w, https:\/\/cotutattoo.com\/wp-content\/uploads\/2026\/02\/2026-01-31-255x300.webp 255w\" sizes=\"(max-width: 434px) 100vw, 434px\" \/>\t\t\t\t\t\t\t\t\t\t\t\t\t\t\t<\/div>\n\t\t\t\t<div class=\"elementor-element elementor-element-3c6d672e elementor-widget__width-initial elementor-invisible elementor-widget elementor-widget-image\" data-id=\"3c6d672e\" data-element_type=\"widget\" data-e-type=\"widget\" data-settings=\"{&quot;_animation&quot;:&quot;fadeInUp&quot;}\" data-widget_type=\"image.default\">\n\t\t\t\t\t\t\t\t\t\t\t\t\t\t\t<img decoding=\"async\" width=\"800\" height=\"788\" src=\"https:\/\/cotutattoo.com\/wp-content\/uploads\/2026\/02\/Screenshot-2026-02-04-at-14-29-50-Instagram-1024x1009.png\" class=\"attachment-large size-large wp-image-887\" alt=\"\" srcset=\"https:\/\/cotutattoo.com\/wp-content\/uploads\/2026\/02\/Screenshot-2026-02-04-at-14-29-50-Instagram-1024x1009.png 1024w, https:\/\/cotutattoo.com\/wp-content\/uploads\/2026\/02\/Screenshot-2026-02-04-at-14-29-50-Instagram-300x296.png 300w, https:\/\/cotutattoo.com\/wp-content\/uploads\/2026\/02\/Screenshot-2026-02-04-at-14-29-50-Instagram-768x757.png 768w, https:\/\/cotutattoo.com\/wp-content\/uploads\/2026\/02\/Screenshot-2026-02-04-at-14-29-50-Instagram-12x12.png 12w, https:\/\/cotutattoo.com\/wp-content\/uploads\/2026\/02\/Screenshot-2026-02-04-at-14-29-50-Instagram.png 1120w\" sizes=\"(max-width: 800px) 100vw, 800px\" \/>\t\t\t\t\t\t\t\t\t\t\t\t\t\t\t<\/div>\n\t\t\t\t<div class=\"elementor-element elementor-element-22c1227 elementor-widget__width-initial elementor-invisible elementor-widget elementor-widget-image\" data-id=\"22c1227\" data-element_type=\"widget\" data-e-type=\"widget\" data-settings=\"{&quot;_animation&quot;:&quot;fadeInUp&quot;}\" data-widget_type=\"image.default\">\n\t\t\t\t\t\t\t\t\t\t\t\t\t\t\t<img decoding=\"async\" width=\"800\" height=\"898\" src=\"https:\/\/cotutattoo.com\/wp-content\/uploads\/2026\/02\/621993268_899653809422944_7016222436718694564_n-912x1024.jpg\" class=\"attachment-large size-large wp-image-870\" alt=\"\" srcset=\"https:\/\/cotutattoo.com\/wp-content\/uploads\/2026\/02\/621993268_899653809422944_7016222436718694564_n-912x1024.jpg 912w, https:\/\/cotutattoo.com\/wp-content\/uploads\/2026\/02\/621993268_899653809422944_7016222436718694564_n-267x300.jpg 267w, https:\/\/cotutattoo.com\/wp-content\/uploads\/2026\/02\/621993268_899653809422944_7016222436718694564_n-768x863.jpg 768w, https:\/\/cotutattoo.com\/wp-content\/uploads\/2026\/02\/621993268_899653809422944_7016222436718694564_n-11x12.jpg 11w, https:\/\/cotutattoo.com\/wp-content\/uploads\/2026\/02\/621993268_899653809422944_7016222436718694564_n.jpg 1284w\" sizes=\"(max-width: 800px) 100vw, 800px\" \/>\t\t\t\t\t\t\t\t\t\t\t\t\t\t\t<\/div>\n\t\t\t\t\t<\/div>\n\t\t<\/div>\n\t\t\t\t<div class=\"elementor-column elementor-col-50 elementor-top-column elementor-element elementor-element-40fcb782\" data-id=\"40fcb782\" data-element_type=\"column\" data-e-type=\"column\">\n\t\t\t<div class=\"elementor-widget-wrap elementor-element-populated\">\n\t\t\t\t\t\t<div class=\"elementor-element elementor-element-4e0db1b elementor-widget__width-inherit elementor-widget-tablet__width-inherit elementor-widget-mobile__width-inherit elementor-position-left elementor-vertical-align-middle elementor-invisible elementor-widget elementor-widget-image-box\" data-id=\"4e0db1b\" data-element_type=\"widget\" data-e-type=\"widget\" data-settings=\"{&quot;_animation&quot;:&quot;fadeInUp&quot;}\" data-widget_type=\"image-box.default\">\n\t\t\t\t\t<div class=\"elementor-image-box-wrapper\"><figure class=\"elementor-image-box-img\"><img loading=\"lazy\" decoding=\"async\" width=\"128\" height=\"128\" src=\"https:\/\/cotutattoo.com\/wp-content\/uploads\/2026\/01\/quality.png\" class=\"attachment-full size-full wp-image-36\" alt=\"\" \/><\/figure><div class=\"elementor-image-box-content\"><h3 class=\"elementor-image-box-title\">V\u1ec7 sinh l\u00e0 \u01b0u ti\u00ean h\u00e0ng \u0111\u1ea7u<\/h3><p class=\"elementor-image-box-description\">Kim d\u00f9ng m\u1ed9t l\u1ea7n, quy tr\u00ecnh v\u00f4 tr\u00f9ng v\u00e0 h\u01b0\u1edbng d\u1eabn ch\u0103m s\u00f3c sau x\u0103m r\u00f5 r\u00e0ng cho m\u1ed7i bu\u1ed5i. An to\u00e0n c\u1ee7a b\u1ea1n lu\u00f4n l\u00e0 \u01b0u ti\u00ean s\u1ed1 m\u1ed9t.<\/p><\/div><\/div>\t\t\t\t<\/div>\n\t\t\t\t<div class=\"elementor-element elementor-element-37e2c020 elementor-widget__width-inherit elementor-widget-tablet__width-inherit elementor-widget-mobile__width-inherit elementor-position-left elementor-vertical-align-middle elementor-invisible elementor-widget elementor-widget-image-box\" data-id=\"37e2c020\" data-element_type=\"widget\" data-e-type=\"widget\" data-settings=\"{&quot;_animation&quot;:&quot;fadeInUp&quot;}\" data-widget_type=\"image-box.default\">\n\t\t\t\t\t<div class=\"elementor-image-box-wrapper\"><figure class=\"elementor-image-box-img\"><img loading=\"lazy\" decoding=\"async\" width=\"128\" height=\"128\" src=\"https:\/\/cotutattoo.com\/wp-content\/uploads\/2026\/02\/adaptation.png\" class=\"attachment-full size-full wp-image-383\" alt=\"\" \/><\/figure><div class=\"elementor-image-box-content\"><h3 class=\"elementor-image-box-title\">Thi\u1ebft k\u1ebf theo y\u00eau c\u1ea7u<\/h3><p class=\"elementor-image-box-description\">Ch\u00fang t\u00f4i \u0111i\u1ec1u ch\u1ec9nh k\u00edch th\u01b0\u1edbc, v\u1ecb tr\u00ed v\u00e0 phong c\u00e1ch \u0111\u1ec3 ph\u00f9 h\u1ee3p v\u1edbi \u00fd t\u01b0\u1edfng v\u00e0 d\u00e1ng c\u01a1 th\u1ec3 c\u1ee7a b\u1ea1n. M\u1ed7i h\u00ecnh x\u0103m \u0111\u01b0\u1ee3c thi\u1ebft k\u1ebf ri\u00eang cho b\u1ea1n, kh\u00f4ng d\u00f9ng m\u1eabu r\u1eadp khu\u00f4n.<\/p><\/div><\/div>\t\t\t\t<\/div>\n\t\t\t\t<div class=\"elementor-element elementor-element-5ee33e0c elementor-widget__width-inherit elementor-widget-tablet__width-inherit elementor-widget-mobile__width-inherit elementor-position-left elementor-vertical-align-middle elementor-invisible elementor-widget elementor-widget-image-box\" data-id=\"5ee33e0c\" data-element_type=\"widget\" data-e-type=\"widget\" data-settings=\"{&quot;_animation&quot;:&quot;fadeInUp&quot;}\" data-widget_type=\"image-box.default\">\n\t\t\t\t\t<div class=\"elementor-image-box-wrapper\"><figure class=\"elementor-image-box-img\"><img loading=\"lazy\" decoding=\"async\" width=\"128\" height=\"128\" src=\"https:\/\/cotutattoo.com\/wp-content\/uploads\/2026\/01\/talent-management.png\" class=\"attachment-full size-full wp-image-37\" alt=\"\" \/><\/figure><div class=\"elementor-image-box-content\"><h3 class=\"elementor-image-box-title\">Ngh\u1ec7 s\u0129 tay ngh\u1ec1 cao<\/h3><p class=\"elementor-image-box-description\">\u0110\u1ed9i ng\u0169 ngh\u1ec7 s\u0129 gi\u00e0u kinh nghi\u1ec7m, ch\u00fa tr\u1ecdng \u0111\u1ed9 ch\u00ednh x\u00e1c, h\u1ed3i ph\u1ee5c \u0111\u1eb9p v\u00e0 k\u1ebft qu\u1ea3 b\u1ec1n l\u00e2u. Ch\u00fang t\u00f4i \u0111\u1ed3ng h\u00e0nh c\u00f9ng b\u1ea1n t\u1eeb t\u01b0 v\u1ea5n \u0111\u1ebfn ho\u00e0n thi\u1ec7n t\u1eebng chi ti\u1ebft.<\/p><\/div><\/div>\t\t\t\t<\/div>\n\t\t\t\t\t<\/div>\n\t\t<\/div>\n\t\t\t\t\t<\/div>\n\t\t<\/section>\n\t\t\t\t<section class=\"elementor-section elementor-top-section elementor-element elementor-element-671c687 elementor-section-boxed elementor-section-height-default elementor-section-height-default\" data-id=\"671c687\" data-element_type=\"section\" data-e-type=\"section\">\n\t\t\t\t\t\t\t<div class=\"elementor-background-overlay\"><\/div>\n\t\t\t\t\t\t\t<div class=\"elementor-container elementor-column-gap-no\">\n\t\t\t\t\t<div class=\"elementor-column elementor-col-100 elementor-top-column elementor-element elementor-element-a991358\" data-id=\"a991358\" data-element_type=\"column\" data-e-type=\"column\">\n\t\t\t<div class=\"elementor-widget-wrap elementor-element-populated\">\n\t\t\t\t\t\t<section class=\"elementor-section elementor-inner-section elementor-element elementor-element-7f3cf58 elementor-section-content-middle elementor-section-boxed elementor-section-height-default elementor-section-height-default\" data-id=\"7f3cf58\" data-element_type=\"section\" data-e-type=\"section\">\n\t\t\t\t\t\t<div class=\"elementor-container elementor-column-gap-no\">\n\t\t\t\t\t<div class=\"elementor-column elementor-col-100 elementor-inner-column elementor-element elementor-element-ed6ce2c\" data-id=\"ed6ce2c\" data-element_type=\"column\" data-e-type=\"column\">\n\t\t\t<div class=\"elementor-widget-wrap elementor-element-populated\">\n\t\t\t\t\t\t<div class=\"elementor-element elementor-element-a1aaca2 elementor-icon-list--layout-inline elementor-align-center elementor-list-item-link-full_width elementor-widget elementor-widget-icon-list\" data-id=\"a1aaca2\" data-element_type=\"widget\" data-e-type=\"widget\" data-widget_type=\"icon-list.default\">\n\t\t\t\t\t\t\t<ul class=\"elementor-icon-list-items elementor-inline-items\">\n\t\t\t\t\t\t\t<li class=\"elementor-icon-list-item elementor-inline-item\">\n\t\t\t\t\t\t\t\t\t\t\t<span class=\"elementor-icon-list-icon\">\n\t\t\t\t\t\t\t<svg aria-hidden=\"true\" class=\"e-font-icon-svg e-fas-map-marker-alt\" viewbox=\"0 0 384 512\" xmlns=\"http:\/\/www.w3.org\/2000\/svg\"><path d=\"M172.268 501.67C26.97 291.031 0 269.413 0 192 0 85.961 85.961 0 192 0s192 85.961 192 192c0 77.413-26.97 99.031-172.268 309.67-9.535 13.774-29.93 13.773-39.464 0zM192 272c44.183 0 80-35.817 80-80s-35.817-80-80-80-80 35.817-80 80 35.817 80 80 80z\"><\/path><\/svg>\t\t\t\t\t\t<\/span>\n\t\t\t\t\t\t\t\t\t\t<span class=\"elementor-icon-list-text\">C\u00c1C C\u01a0 S\u1ede<\/span>\n\t\t\t\t\t\t\t\t\t<\/li>\n\t\t\t\t\t\t<\/ul>\n\t\t\t\t\t\t<\/div>\n\t\t\t\t<div class=\"elementor-element elementor-element-84de95d elementor-widget elementor-widget-icon-box\" data-id=\"84de95d\" data-element_type=\"widget\" data-e-type=\"widget\" data-widget_type=\"icon-box.default\">\n\t\t\t\t\t\t\t<div class=\"elementor-icon-box-wrapper\">\n\n\t\t\t\n\t\t\t\t\t\t<div class=\"elementor-icon-box-content\">\n\n\t\t\t\t\t\t\t\t\t<h2 class=\"elementor-icon-box-title\">\n\t\t\t\t\t\t<span  >\n\t\t\t\t\t\t\tHai c\u01a1 s\u1edf t\u1ea1i TP.HCM, c\u00f9ng m\u1ed9t ti\u00eau chu\u1ea9n ch\u1ea5t l\u01b0\u1ee3ng.\t\t\t\t\t\t<\/span>\n\t\t\t\t\t<\/h2>\n\t\t\t\t\n\t\t\t\t\t\t\t\t\t<p class=\"elementor-icon-box-description\">\n\t\t\t\t\t\tGh\u00e9 c\u01a1 s\u1edf Qu\u1eadn 1 ho\u1eb7c Th\u1ea3o \u0110i\u1ec1n \u0111\u1ec3 x\u0103m theo y\u00eau c\u1ea7u trong kh\u00f4ng gian s\u1ea1ch s\u1ebd, hi\u1ec7n \u0111\u1ea1i. Nh\u1eadn kh\u00e1ch walk in, ho\u1eb7c \u0111\u1eb7t l\u1ecbch tr\u01b0\u1edbc, h\u1ed7 tr\u1ee3 ti\u1ebfng Anh v\u00e0 ti\u1ebfng Vi\u1ec7t.\t\t\t\t\t<\/p>\n\t\t\t\t\n\t\t\t<\/div>\n\t\t\t\n\t\t<\/div>\n\t\t\t\t\t\t<\/div>\n\t\t\t\t\t<\/div>\n\t\t<\/div>\n\t\t\t\t\t<\/div>\n\t\t<\/section>\n\t\t\t\t<section class=\"elementor-section elementor-inner-section elementor-element elementor-element-009535c elementor-section-boxed elementor-section-height-default elementor-section-height-default\" data-id=\"009535c\" data-element_type=\"section\" data-e-type=\"section\">\n\t\t\t\t\t\t<div class=\"elementor-container elementor-column-gap-no\">\n\t\t\t\t\t<div class=\"elementor-column elementor-col-50 elementor-inner-column elementor-element elementor-element-781c280\" data-id=\"781c280\" data-element_type=\"column\" data-e-type=\"column\">\n\t\t\t<div class=\"elementor-widget-wrap elementor-element-populated\">\n\t\t\t\t\t\t<div class=\"elementor-element elementor-element-89809dd elementor-cta--skin-classic elementor-animated-content elementor-bg-transform elementor-bg-transform-zoom-in elementor-invisible elementor-widget elementor-widget-call-to-action\" data-id=\"89809dd\" data-element_type=\"widget\" data-e-type=\"widget\" data-settings=\"{&quot;_animation&quot;:&quot;fadeInUp&quot;}\" data-widget_type=\"call-to-action.default\">\n\t\t\t\t\t\t\t<a class=\"elementor-cta\" href=\"https:\/\/share.google\/5UODq3eATNutfdUaz\" target=\"_blank\">\n\t\t\t\t\t<div class=\"elementor-cta__bg-wrapper\">\n\t\t\t\t<div class=\"elementor-cta__bg elementor-bg\" style=\"background-image: url(https:\/\/cotutattoo.com\/wp-content\/uploads\/2026\/02\/623809663_1263634245685127_5514768191354838085_n.jpg);\" role=\"img\" aria-label=\"623809663_1263634245685127_5514768191354838085_n\"><\/div>\n\t\t\t\t<div class=\"elementor-cta__bg-overlay\"><\/div>\n\t\t\t<\/div>\n\t\t\t\t\t\t\t<div class=\"elementor-cta__content\">\n\t\t\t\t\n\t\t\t\t\t\t\t\t\t<h2 class=\"elementor-cta__title elementor-cta__content-item elementor-content-item\">\n\t\t\t\t\t\t C\u00f4 T\u01b0 Tattoo Thao Dien \t\t\t\t\t<\/h2>\n\t\t\t\t\n\t\t\t\t\t\t\t\t\t<h3 class=\"elementor-cta__description elementor-cta__content-item elementor-content-item\">\n\t\t\t\t\t\tDistrict 2 \/ Thao Dien Address: 13 \u0110\u01b0\u1eddng s\u1ed1 65, Th\u1ea3o \u0110i\u1ec1n, Th\u1ee7 \u0110\u1ee9c, Th\u00e0nh ph\u1ed1 H\u1ed3 Ch\u00ed Minh 71014\t\t\t\t\t<\/h3>\n\t\t\t\t\n\t\t\t\t\t\t\t<\/div>\n\t\t\t\t\t\t<\/a>\n\t\t\t\t\t\t<\/div>\n\t\t\t\t\t<\/div>\n\t\t<\/div>\n\t\t\t\t<div class=\"elementor-column elementor-col-50 elementor-inner-column elementor-element elementor-element-0742515\" data-id=\"0742515\" data-element_type=\"column\" data-e-type=\"column\">\n\t\t\t<div class=\"elementor-widget-wrap elementor-element-populated\">\n\t\t\t\t\t\t<div class=\"elementor-element elementor-element-b6cca59 animated-slow elementor-cta--skin-classic elementor-animated-content elementor-bg-transform elementor-bg-transform-zoom-in elementor-invisible elementor-widget elementor-widget-call-to-action\" data-id=\"b6cca59\" data-element_type=\"widget\" data-e-type=\"widget\" data-settings=\"{&quot;_animation&quot;:&quot;fadeInUp&quot;}\" data-widget_type=\"call-to-action.default\">\n\t\t\t\t\t\t\t<a class=\"elementor-cta\" href=\"https:\/\/share.google\/3LxoCFo0y86PwTNLr\" target=\"_blank\">\n\t\t\t\t\t<div class=\"elementor-cta__bg-wrapper\">\n\t\t\t\t<div class=\"elementor-cta__bg elementor-bg\" style=\"background-image: url(https:\/\/cotutattoo.com\/wp-content\/uploads\/2026\/02\/621167342_784608554663736_7021476829983826099_n-836x1024.jpg);\" role=\"img\" aria-label=\"621167342_784608554663736_7021476829983826099_n\"><\/div>\n\t\t\t\t<div class=\"elementor-cta__bg-overlay\"><\/div>\n\t\t\t<\/div>\n\t\t\t\t\t\t\t<div class=\"elementor-cta__content\">\n\t\t\t\t\n\t\t\t\t\t\t\t\t\t<h2 class=\"elementor-cta__title elementor-cta__content-item elementor-content-item\">\n\t\t\t\t\t\t C\u00f4 T\u01b0 Tattoo Saigon\t\t\t\t\t<\/h2>\n\t\t\t\t\n\t\t\t\t\t\t\t\t\t<h3 class=\"elementor-cta__description elementor-cta__content-item elementor-content-item\">\n\t\t\t\t\t\tDistrict 1 : Address: 212B\/D70 Nguy\u1ec5n Tr\u00e3i, Ph\u01b0\u1eddng Nguy\u1ec5n C\u01b0 Trinh, Qu\u1eadn 1, Th\u00e0nh ph\u1ed1 H\u1ed3 Ch\u00ed Minh 70000\t\t\t\t\t<\/h3>\n\t\t\t\t\n\t\t\t\t\t\t\t<\/div>\n\t\t\t\t\t\t<\/a>\n\t\t\t\t\t\t<\/div>\n\t\t\t\t\t<\/div>\n\t\t<\/div>\n\t\t\t\t\t<\/div>\n\t\t<\/section>\n\t\t\t\t\t<\/div>\n\t\t<\/div>\n\t\t\t\t\t<\/div>\n\t\t<\/section>\n\t\t\t\t<section class=\"elementor-section elementor-top-section elementor-element elementor-element-ca4ec77 elementor-section-boxed elementor-section-height-default elementor-section-height-default\" data-id=\"ca4ec77\" data-element_type=\"section\" data-e-type=\"section\">\n\t\t\t\t\t\t<div class=\"elementor-container elementor-column-gap-no\">\n\t\t\t\t\t<div class=\"elementor-column elementor-col-100 elementor-top-column elementor-element elementor-element-7041eb6\" data-id=\"7041eb6\" data-element_type=\"column\" data-e-type=\"column\">\n\t\t\t<div class=\"elementor-widget-wrap elementor-element-populated\">\n\t\t\t\t\t\t<div class=\"elementor-element elementor-element-8db40c2 elementor-widget__width-initial elementor-widget-tablet__width-initial elementor-widget-mobile__width-initial elementor-invisible elementor-widget elementor-widget-counter\" data-id=\"8db40c2\" data-element_type=\"widget\" data-e-type=\"widget\" data-settings=\"{&quot;_animation&quot;:&quot;fadeInUp&quot;,&quot;_animation_delay&quot;:100}\" data-widget_type=\"counter.default\">\n\t\t\t\t\t\t\t<div class=\"elementor-counter\">\n\t\t\t<div class=\"elementor-counter-title\">N\u0103m kinh nghi\u1ec7m<\/div>\t\t\t<div class=\"elementor-counter-number-wrapper\">\n\t\t\t\t<span class=\"elementor-counter-number-prefix\"><\/span>\n\t\t\t\t<span class=\"elementor-counter-number\" data-duration=\"2000\" data-to-value=\"11\" data-from-value=\"0\" data-delimiter=\",\">0<\/span>\n\t\t\t\t<span class=\"elementor-counter-number-suffix\"><\/span>\n\t\t\t<\/div>\n\t\t<\/div>\n\t\t\t\t\t\t<\/div>\n\t\t\t\t<div class=\"elementor-element elementor-element-3f65b83 elementor-widget__width-initial elementor-widget-tablet__width-initial elementor-widget-mobile__width-initial elementor-invisible elementor-widget elementor-widget-counter\" data-id=\"3f65b83\" data-element_type=\"widget\" data-e-type=\"widget\" data-settings=\"{&quot;_animation&quot;:&quot;fadeInUp&quot;,&quot;_animation_delay&quot;:300}\" data-widget_type=\"counter.default\">\n\t\t\t\t\t\t\t<div class=\"elementor-counter\">\n\t\t\t<div class=\"elementor-counter-title\">H\u00ecnh x\u0103m \u0111\u00e3 th\u1ef1c hi\u1ec7n<\/div>\t\t\t<div class=\"elementor-counter-number-wrapper\">\n\t\t\t\t<span class=\"elementor-counter-number-prefix\"><\/span>\n\t\t\t\t<span class=\"elementor-counter-number\" data-duration=\"2000\" data-to-value=\"1000\" data-from-value=\"0\" data-delimiter=\",\">0<\/span>\n\t\t\t\t<span class=\"elementor-counter-number-suffix\">+<\/span>\n\t\t\t<\/div>\n\t\t<\/div>\n\t\t\t\t\t\t<\/div>\n\t\t\t\t<div class=\"elementor-element elementor-element-2ac4af0 elementor-widget__width-initial elementor-widget-tablet__width-initial elementor-widget-mobile__width-initial elementor-invisible elementor-widget elementor-widget-counter\" data-id=\"2ac4af0\" data-element_type=\"widget\" data-e-type=\"widget\" data-settings=\"{&quot;_animation&quot;:&quot;fadeInUp&quot;,&quot;_animation_delay&quot;:500}\" data-widget_type=\"counter.default\">\n\t\t\t\t\t\t\t<div class=\"elementor-counter\">\n\t\t\t<div class=\"elementor-counter-title\">\u01afu ti\u00ean v\u1ec7 sinh<\/div>\t\t\t<div class=\"elementor-counter-number-wrapper\">\n\t\t\t\t<span class=\"elementor-counter-number-prefix\"><\/span>\n\t\t\t\t<span class=\"elementor-counter-number\" data-duration=\"2000\" data-to-value=\"100\" data-from-value=\"0\" data-delimiter=\",\">0<\/span>\n\t\t\t\t<span class=\"elementor-counter-number-suffix\">%<\/span>\n\t\t\t<\/div>\n\t\t<\/div>\n\t\t\t\t\t\t<\/div>\n\t\t\t\t<div class=\"elementor-element elementor-element-f113680 elementor-widget__width-initial elementor-widget-tablet__width-initial elementor-widget-mobile__width-initial elementor-invisible elementor-widget elementor-widget-counter\" data-id=\"f113680\" data-element_type=\"widget\" data-e-type=\"widget\" data-settings=\"{&quot;_animation&quot;:&quot;fadeInUp&quot;,&quot;_animation_delay&quot;:700}\" data-widget_type=\"counter.default\">\n\t\t\t\t\t\t\t<div class=\"elementor-counter\">\n\t\t\t<div class=\"elementor-counter-title\">Phong c\u00e1ch x\u0103m<\/div>\t\t\t<div class=\"elementor-counter-number-wrapper\">\n\t\t\t\t<span class=\"elementor-counter-number-prefix\"><\/span>\n\t\t\t\t<span class=\"elementor-counter-number\" data-duration=\"2000\" data-to-value=\"10\" data-from-value=\"0\" data-delimiter=\",\">0<\/span>\n\t\t\t\t<span class=\"elementor-counter-number-suffix\">+<\/span>\n\t\t\t<\/div>\n\t\t<\/div>\n\t\t\t\t\t\t<\/div>\n\t\t\t\t\t<\/div>\n\t\t<\/div>\n\t\t\t\t\t<\/div>\n\t\t<\/section>\n\t\t\t\t<\/div>","protected":false},"excerpt":{"rendered":"<p>About Us Custom tattoos in Ho Chi Minh City, with studios in District 1 and Thao Dien. Clean, safe, and crafted with precision in English and Vietnamese. Experience tattoo artistry in every custom piece we create. At Co Tu Tattoo, we turn your ideas into clean, lasting tattoos with careful planning and detail. With two [&hellip;]<\/p>\n","protected":false},"author":1,"featured_media":0,"parent":0,"menu_order":0,"comment_status":"closed","ping_status":"closed","template":"elementor_header_footer","meta":{"footnotes":""},"class_list":["post-378","page","type-page","status-publish","hentry"],"_links":{"self":[{"href":"https:\/\/cotutattoo.com\/vi\/wp-json\/wp\/v2\/pages\/378","targetHints":{"allow":["GET"]}}],"collection":[{"href":"https:\/\/cotutattoo.com\/vi\/wp-json\/wp\/v2\/pages"}],"about":[{"href":"https:\/\/cotutattoo.com\/vi\/wp-json\/wp\/v2\/types\/page"}],"author":[{"embeddable":true,"href":"https:\/\/cotutattoo.com\/vi\/wp-json\/wp\/v2\/users\/1"}],"replies":[{"embeddable":true,"href":"https:\/\/cotutattoo.com\/vi\/wp-json\/wp\/v2\/comments?post=378"}],"version-history":[{"count":12,"href":"https:\/\/cotutattoo.com\/vi\/wp-json\/wp\/v2\/pages\/378\/revisions"}],"predecessor-version":[{"id":912,"href":"https:\/\/cotutattoo.com\/vi\/wp-json\/wp\/v2\/pages\/378\/revisions\/912"}],"wp:attachment":[{"href":"https:\/\/cotutattoo.com\/vi\/wp-json\/wp\/v2\/media?parent=378"}],"curies":[{"name":"wp","href":"https:\/\/api.w.org\/{rel}","templated":true}]}}